{"id":783,"date":"2023-02-17T12:23:26","date_gmt":"2023-02-17T11:23:26","guid":{"rendered":"https:\/\/tvm1903.de\/tvm\/?page_id=783"},"modified":"2025-05-06T19:43:09","modified_gmt":"2025-05-06T17:43:09","slug":"vereinskleidung","status":"publish","type":"page","link":"https:\/\/tvm1903.de\/tvm\/vereinskleidung\/","title":{"rendered":"Vereinskleidung"},"content":{"rendered":"\n<p>Gr\u00fcn, Gr\u00fcn, Gr\u00fcn sind alle deine Kleider?<br>Du brauchst dringend einen neuen Look f\u00fcr dein Training?<br>Dann bestelle jetzt deine Lieblingsteile unserer neuen Vereinskollektion.<\/p>\n\n\n\n<p>Wir haben mit unserem Partner City Sport in Limburg eine neue Vereinskollektion mit dem Vereinslogo zusammengestellt. Ab sofort ist es m\u00f6glich, diese online zu bestellen und im Ladenlokal bei City Sport in der Limburger Werkstatt abzuholen.<\/p>\n\n\n\n<h3 class=\"wp-block-heading\">Was muss ich tun, um zu bestellen?<\/h3>\n\n\n\n<ol class=\"wp-block-list\">\n<li>Besuche den Webshop unter <a href=\"https:\/\/www.jako.de\/de\/team\/tv_michelbach\/\" target=\"_blank\" rel=\"noreferrer noopener\">https:\/\/www.jako.de\/de\/team\/tv_michelbach\/<\/a><\/li>\n\n\n\n<li>Gib das Passwort ein: <strong>TVMichelbach<\/strong><\/li>\n\n\n\n<li>Suche aus, was du bestellen m\u00f6chtest und gib Gr\u00f6\u00dfe und Anzahl an.<\/li>\n\n\n\n<li>Sobald die Bestellung abgegeben wurde, wirst du informiert, wenn alles fertig ist.<\/li>\n\n\n\n<li>Hole deine Bestellung vor Ort ab im City Sport in der Limburger Werkstatt<\/li>\n<\/ol>\n\n\n\n<p><\/p>\n\n\n\n<h3 class=\"wp-block-heading\">Das kannst du aktuell bestellen:<\/h3>\n\n\n\n<div class=\"wp-block-group\"><div class=\"wp-block-group__inner-container is-layout-constrained wp-block-group-is-layout-constrained\"><div class=\"wp-block-image\">\n<figure class=\"aligncenter size-large\"><img loading=\"lazy\" decoding=\"async\" width=\"986\" height=\"1024\" src=\"https:\/\/tvm1903.de\/wp-content\/uploads\/2025\/05\/SCR-Jako-986x1024.png\" alt=\"\" class=\"wp-image-1067\" srcset=\"https:\/\/tvm1903.de\/wp-content\/uploads\/2025\/05\/SCR-Jako-986x1024.png 986w, https:\/\/tvm1903.de\/wp-content\/uploads\/2025\/05\/SCR-Jako-289x300.png 289w, https:\/\/tvm1903.de\/wp-content\/uploads\/2025\/05\/SCR-Jako-768x798.png 768w, https:\/\/tvm1903.de\/wp-content\/uploads\/2025\/05\/SCR-Jako.png 1132w\" sizes=\"auto, (max-width: 986px) 100vw, 986px\" \/><\/figure>\n<\/div><\/div><\/div>\n","protected":false},"excerpt":{"rendered":"<p>Gr\u00fcn, Gr\u00fcn, Gr\u00fcn sind alle deine Kleider?Du brauchst dringend einen neuen Look f\u00fcr dein Training?Dann bestelle jetzt deine Lieblingsteile unserer neuen Vereinskollektion. Wir haben mit unserem Partner City Sport in Limburg eine neue Vereinskollektion mit dem Vereinslogo zusammengestellt. Ab sofort ist es m\u00f6glich, diese online zu bestellen und im Ladenlokal bei City Sport in der &#8230; <a title=\"Vereinskleidung\" class=\"read-more\" href=\"https:\/\/tvm1903.de\/tvm\/vereinskleidung\/\" aria-label=\"Mehr Informationen \u00fcber Vereinskleidung\">Weiterlesen<\/a><\/p>\n","protected":false},"author":1,"featured_media":0,"parent":0,"menu_order":0,"comment_status":"closed","ping_status":"closed","template":"","meta":{"footnotes":""},"class_list":["post-783","page","type-page","status-publish"],"_links":{"self":[{"href":"https:\/\/tvm1903.de\/tvm\/wp-json\/wp\/v2\/pages\/783","targetHints":{"allow":["GET"]}}],"collection":[{"href":"https:\/\/tvm1903.de\/tvm\/wp-json\/wp\/v2\/pages"}],"about":[{"href":"https:\/\/tvm1903.de\/tvm\/wp-json\/wp\/v2\/types\/page"}],"author":[{"embeddable":true,"href":"https:\/\/tvm1903.de\/tvm\/wp-json\/wp\/v2\/users\/1"}],"replies":[{"embeddable":true,"href":"https:\/\/tvm1903.de\/tvm\/wp-json\/wp\/v2\/comments?post=783"}],"version-history":[{"count":2,"href":"https:\/\/tvm1903.de\/tvm\/wp-json\/wp\/v2\/pages\/783\/revisions"}],"predecessor-version":[{"id":1069,"href":"https:\/\/tvm1903.de\/tvm\/wp-json\/wp\/v2\/pages\/783\/revisions\/1069"}],"wp:attachment":[{"href":"https:\/\/tvm1903.de\/tvm\/wp-json\/wp\/v2\/media?parent=783"}],"curies":[{"name":"wp","href":"https:\/\/api.w.org\/{rel}","templated":true}]}}