{"id":29,"date":"2017-07-03T22:10:50","date_gmt":"2017-07-03T20:10:50","guid":{"rendered":"https:\/\/tvm1903.de\/?page_id=29"},"modified":"2025-08-03T09:21:12","modified_gmt":"2025-08-03T07:21:12","slug":"ueber-usn","status":"publish","type":"page","link":"https:\/\/tvm1903.de\/tvm\/ueber-usn\/","title":{"rendered":"\u00dcber uns"},"content":{"rendered":"\n<h1 class=\"wp-block-heading\"><strong>Vorstand TV Michelbach 1903 e.V.&nbsp; <br>(Stand: 15.03.2024)<br><\/strong><\/h1>\n\n\n\n<figure class=\"wp-block-table\"><table class=\"has-fixed-layout\"><tbody><tr><td>1. Vorsitzender<\/td><td>Alexander Wolf<\/td><\/tr><tr><td>2. Vorsitzender<\/td><td>Malte Jablonski<\/td><\/tr><tr><td>3. Vorsitzende<\/td><td>Marion Jan\u00dfen<\/td><\/tr><tr><td>1. Schatzmeister<\/td><td>Michael Skeide<\/td><\/tr><tr><td>2. Schatzmeister<\/td><td>J\u00f6rg Duch\u00e8ne<\/td><\/tr><tr><td>1. Schriftf\u00fchrer<\/td><td>Adam Prizibilla<\/td><\/tr><tr><td>2. Schriftf\u00fchrerin<\/td><td>Daniela Wolf<\/td><\/tr><tr><td>Pressewartin<\/td><td>Stefanie Raven<\/td><\/tr><tr><td>Sportwart<\/td><td>Leon Seelbach<\/td><\/tr><tr><td>Sozialwartin<\/td><td>Tamara Klimaszewski<\/td><\/tr><tr><td>Jugendwarte<\/td><td>Angelique Schintz &amp; Julian Helisch<\/td><\/tr><tr><td>Jugendsprecher<\/td><td>Bastian Helisch, Paula Mohr und Luisa Schneider<\/td><\/tr><tr><td>Abteilungsleiter Turnen<\/td><td>Daniela Wolf<\/td><\/tr><tr><td>Abteilungsleiter Judo<\/td><td>Dieter Birk<\/td><\/tr><tr><td>Abteilungsleiter Leichtathletik Kinder<\/td><td>Angelique Schintz<\/td><\/tr><tr><td>Abteilungsleiter Leichtathletik Jugend &amp; Aktive<\/td><td>Michael Schestag<\/td><\/tr><tr><td>Abteilungsleiter Volleyball<\/td><td>Jonas Koren<\/td><\/tr><tr><td>1. Beisitzer<\/td><td>Michael Helisch<\/td><\/tr><tr><td>2. Beisitzerin<\/td><td>Danja Duch\u00e8ne<\/td><\/tr><tr><td>3. Beisitzer<\/td><td>Leon Seelbach<\/td><\/tr><tr><td>Homepage<\/td><td>Fabian Birk<\/td><\/tr><\/tbody><\/table><\/figure>\n\n\n\n<hr class=\"wp-block-separator has-css-opacity\"\/>\n\n\n<div class=\"wp-block-image\">\n<figure class=\"aligncenter size-large\"><img loading=\"lazy\" decoding=\"async\" width=\"1024\" height=\"683\" src=\"https:\/\/tvm1903.de\/wp-content\/uploads\/2024\/03\/P1011575-1024x683.jpg\" alt=\"\" class=\"wp-image-944\" srcset=\"https:\/\/tvm1903.de\/wp-content\/uploads\/2024\/03\/P1011575-1024x683.jpg 1024w, https:\/\/tvm1903.de\/wp-content\/uploads\/2024\/03\/P1011575-300x200.jpg 300w, https:\/\/tvm1903.de\/wp-content\/uploads\/2024\/03\/P1011575-768x512.jpg 768w, https:\/\/tvm1903.de\/wp-content\/uploads\/2024\/03\/P1011575-1536x1024.jpg 1536w, https:\/\/tvm1903.de\/wp-content\/uploads\/2024\/03\/P1011575-2048x1365.jpg 2048w\" sizes=\"auto, (max-width: 1024px) 100vw, 1024px\" \/><figcaption class=\"wp-element-caption\">Der neu gew\u00e4hlte Vorstand (gew\u00e4hlt am 15.03.2024).<br>v.l.n.r.: Malte Jablonski, Marion Jan\u00dfen, Danja Duch\u00e8ne, Michael Skeide, Erika Platner, Leon Seelbach, Adam Prizibilla, Angelique Schintz, Julian Helisch, Luisa Schneider, Jonas Koren, Paula Mohr, Bastian Helisch, Tamara Klimaszewski, Michael Helisch, Alexander Wolf, Daniela Wolf, Stefanie Raven, J\u00f6rg Duch\u00e8ne<\/figcaption><\/figure>\n<\/div>","protected":false},"excerpt":{"rendered":"<p>Vorstand TV Michelbach 1903 e.V.&nbsp; (Stand: 15.03.2024) 1. Vorsitzender Alexander Wolf 2. Vorsitzender Malte Jablonski 3. Vorsitzende Marion Jan\u00dfen 1. Schatzmeister Michael Skeide 2. Schatzmeister J\u00f6rg Duch\u00e8ne 1. Schriftf\u00fchrer Adam Prizibilla 2. Schriftf\u00fchrerin Daniela Wolf Pressewartin Stefanie Raven Sportwart Leon Seelbach Sozialwartin Tamara Klimaszewski Jugendwarte Angelique Schintz &amp; Julian Helisch Jugendsprecher Bastian Helisch, Paula Mohr &#8230; <a title=\"\u00dcber uns\" class=\"read-more\" href=\"https:\/\/tvm1903.de\/tvm\/ueber-usn\/\" aria-label=\"Mehr Informationen \u00fcber \u00dcber uns\">Weiterlesen<\/a><\/p>\n","protected":false},"author":2,"featured_media":0,"parent":0,"menu_order":0,"comment_status":"closed","ping_status":"closed","template":"","meta":{"footnotes":""},"class_list":["post-29","page","type-page","status-publish"],"_links":{"self":[{"href":"https:\/\/tvm1903.de\/tvm\/wp-json\/wp\/v2\/pages\/29","targetHints":{"allow":["GET"]}}],"collection":[{"href":"https:\/\/tvm1903.de\/tvm\/wp-json\/wp\/v2\/pages"}],"about":[{"href":"https:\/\/tvm1903.de\/tvm\/wp-json\/wp\/v2\/types\/page"}],"author":[{"embeddable":true,"href":"https:\/\/tvm1903.de\/tvm\/wp-json\/wp\/v2\/users\/2"}],"replies":[{"embeddable":true,"href":"https:\/\/tvm1903.de\/tvm\/wp-json\/wp\/v2\/comments?post=29"}],"version-history":[{"count":8,"href":"https:\/\/tvm1903.de\/tvm\/wp-json\/wp\/v2\/pages\/29\/revisions"}],"predecessor-version":[{"id":1077,"href":"https:\/\/tvm1903.de\/tvm\/wp-json\/wp\/v2\/pages\/29\/revisions\/1077"}],"wp:attachment":[{"href":"https:\/\/tvm1903.de\/tvm\/wp-json\/wp\/v2\/media?parent=29"}],"curies":[{"name":"wp","href":"https:\/\/api.w.org\/{rel}","templated":true}]}}