{"id":14,"date":"2017-07-03T21:57:27","date_gmt":"2017-07-03T19:57:27","guid":{"rendered":"https:\/\/tvm1903.de\/?page_id=14"},"modified":"2025-08-19T14:58:30","modified_gmt":"2025-08-19T12:58:30","slug":"judo","status":"publish","type":"page","link":"https:\/\/tvm1903.de\/tvm\/sportarten\/judo\/","title":{"rendered":"Judo"},"content":{"rendered":"\n<p><a href=\"https:\/\/tvm1903.de\/tvm\/sportarten\/judo\/\">Trainingszeiten<\/a> \/ <a href=\"https:\/\/tvm1903.de\/tvm\/sportarten\/judo\/2\/\">Ursprung und Ziel des Judo<\/a> \/ <a href=\"https:\/\/tvm1903.de\/tvm\/sportarten\/judo\/3\/\">Werte des Judo<\/a><\/p>\n\n\n\n<h2 class=\"wp-block-heading\">Trainingszeiten<\/h2>\n\n\n\n<p><strong>Kinder ab 6 Jahre<\/strong><\/p>\n\n\n\n<figure class=\"wp-block-table\"><table><tbody><tr><td>Dienstag<\/td><td>15:30 &#8211; 16:15 Uhr<\/td><td>Kirchfeldhalle<\/td><\/tr><tr><td>K. Gilbert (5. Dan)<\/td><td><\/td><td><\/td><\/tr><\/tbody><\/table><\/figure>\n\n\n\n<p><strong>Kinder ab 7 Jahre<\/strong><\/p>\n\n\n\n<figure class=\"wp-block-table\"><table><tbody><tr><td>Dienstag<\/td><td>16:15 &#8211; 17:30 Uhr<\/td><td>Kirchfeldhalle<\/td><\/tr><tr><td>F. Birk (2. Dan), K. Gilbert (5. Dan)<\/td><td><\/td><td><\/td><\/tr><\/tbody><\/table><\/figure>\n\n\n\n<!--nextpage-->\n\n\n\n<p><a href=\"https:\/\/tvm1903.de\/tvm\/sportarten\/judo\/\">Trainingszeiten<\/a> \/ <a href=\"https:\/\/tvm1903.de\/tvm\/sportarten\/judo\/2\/\">Ursprung und Ziel des Judo<\/a> \/ <a href=\"https:\/\/tvm1903.de\/tvm\/sportarten\/judo\/3\/\">Werte des Judo<\/a><\/p>\n\n\n\n<h2 class=\"wp-block-heading\">Ursprung und Ziel des Judo<\/h2>\n\n\n\n<p>Judo ist von Jujutsu abgeleitet. Es wurde von Kan\u014d Jigor\u014d Shihan geschaffen, der am 28. Oktober 1860 in Japan geboren wurde und am 4. Mai 1938 nach lebenslanger Hingabe zum Judo starb. Er beherrschte in seiner Jugend mehrere Jujutsu-Stile, darunter Kito-Ryu und Tenjin-shinyo Ryu, und begann, ein eigenes System zu entwickeln, das auf modernen Sportprinzipien basiert. 1882 gr\u00fcndete er das Kodokan-Judo-Institut in Tokio, wo er zu unterrichten begann und das bis heute die internationale Autorit\u00e4t f\u00fcr Judo ist. Der Name Judo wurde gew\u00e4hlt, weil er <em>der sanften oder nachgiebige Weg<\/em> bedeutet.<\/p>\n\n\n\n<p>Der Schwerpunkt des modernen Judosports liegt in der sportlichen Ert\u00fcchtigung und nicht unbedingt in der Selbstverteidigung.  <\/p>\n\n\n\n<p>Kan\u014d Jigor\u014d sagte, dass Judo vor allem dazu dienen soll, durch das  Training von Angriffs- und Verteidigungsformen K\u00f6rper und Geist zu  st\u00e4rken. Ein  Judo-Meister praktiziert in diesem Sinne auch dann Judo, wenn er nicht  in der Trainingshalle (jap. D\u014dj\u014d)  ist. Zwei philosophische Prinzipien liegen dem Judo im Wesentlichen  zugrunde: das gegenseitige Helfen und Verstehen zum beiderseitigen  Fortschritt und Wohlergehen (<em>jita ky\u014dei<\/em>, \u81ea\u4ed6\u5171\u6804) und der bestm\u00f6gliche Einsatz von K\u00f6rper und Geist (<em>seiryoku zeny\u014d<\/em>, \u7cbe\u529b\u5584\u7528). Ziel ist es, diese Prinzipien als eine Haltung in sich zu tragen und auf der Judomatte (jap. Tatami) bewusst in jeder Bewegung zum Ausdruck zu bringen. <\/p>\n\n\n\n<p>Quellen: <a href=\"https:\/\/de.wikipedia.org\/wiki\/Judo\">Wikipedia<\/a>, <a href=\"https:\/\/judoinfo.com\/general-knowledge-principles\/\">Judo-Info<\/a>, <a href=\"http:\/\/kodokanjudoinstitute.org\/en\/doctrine\/purpose\/\">Kodokan<\/a><\/p>\n\n\n\n<!--nextpage-->\n\n\n\n<p><a href=\"https:\/\/tvm1903.de\/tvm\/sportarten\/judo\/\">Trainingszeiten<\/a> \/ <a href=\"https:\/\/tvm1903.de\/tvm\/sportarten\/judo\/2\/\">Ursprung und Ziel des Judo<\/a> \/ <a href=\"https:\/\/tvm1903.de\/tvm\/sportarten\/judo\/3\/\">Werte des Judo<\/a><\/p>\n\n\n\n<h2 class=\"wp-block-heading\">Werte des Judo<\/h2>\n\n\n\n<p>Der <a href=\"https:\/\/www.judobund.de\/djb-info\/judowerte\/\">Deutsche  Judo-Bund<\/a> hat insgesamt 10 Werte herausgestellt, die durch Judo in  besonderer Weise vermittelt werden k\u00f6nnen. Um diese sollen sich die  Judovereine auch akzentuiert bem\u00fchen.<\/p>\n\n\n<div class=\"wp-block-image\">\n<figure class=\"alignright\"><img decoding=\"async\" src=\"https:\/\/www.judobund.de\/fileadmin\/_processed_\/d\/3\/csm_470-Hoeflichkeit_3ea97426f9.jpg\" alt=\"\"\/><\/figure>\n<\/div>\n\n\n<p><strong>H\u00f6flichkeit:<\/strong><\/p>\n\n\n\n<p>Behandle\n deine Trainingspartner und Wettkampfgegner wie Freunde. Zeige deinen \nRespekt gegen\u00fcber jedem Judo-\u00dcbenden durch eine ordentliche Verbeugung.<\/p>\n\n\n\n<hr class=\"wp-block-separator has-css-opacity\"\/>\n\n\n<div class=\"wp-block-image\">\n<figure class=\"alignright\"><img decoding=\"async\" src=\"https:\/\/www.judobund.de\/fileadmin\/_processed_\/3\/a\/csm_469-Hilfsbereitschaft_08690057f8.jpg\" alt=\"\"\/><\/figure>\n<\/div>\n\n\n<p><strong>Hilfsbereitschaft:<\/strong><\/p>\n\n\n\n<p>Hilf\n deinem Partner, die Techniken korrekt zu erlernen. Sei ein guter Uke. \nUnterst\u00fctze als H\u00f6her-Graduierter\/Trainings\u00e4lterer die Anf\u00e4nger. Hilf \nden Neuen, sich in der Gruppe zurecht zu finden.<\/p>\n\n\n\n<hr class=\"wp-block-separator has-css-opacity\"\/>\n\n\n<div class=\"wp-block-image\">\n<figure class=\"alignright\"><img decoding=\"async\" src=\"https:\/\/www.judobund.de\/fileadmin\/_processed_\/7\/b\/csm_466-Ehrlichkeit_af551e7d15.jpg\" alt=\"\"\/><\/figure>\n<\/div>\n\n\n<p><strong>Ehrlichkeit<\/strong><\/p>\n\n\n\n<p>K\u00e4mpfe fair, ohne unsportliche Handlungen und ohne Hintergedanken.<\/p>\n\n\n\n<hr class=\"wp-block-separator has-css-opacity\"\/>\n\n\n<div class=\"wp-block-image\">\n<figure class=\"alignright\"><img decoding=\"async\" src=\"https:\/\/www.judobund.de\/fileadmin\/_processed_\/f\/3\/csm_467-Ernsthaftigkeit_3ac1b75f9c.jpg\" alt=\"\"\/><\/figure>\n<\/div>\n\n\n<p><strong>Ernsthaftigkeit<\/strong><\/p>\n\n\n\n<p>Sei\n bei allen \u00dcbungen und im Wettkampf konzentriert und voll bei der Sache.\n Entwickle eine positive Trainingseinstellung und \u00fcbe flei\u00dfig.<\/p>\n\n\n\n<hr class=\"wp-block-separator has-css-opacity\"\/>\n\n\n<div class=\"wp-block-image\">\n<figure class=\"alignright\"><img decoding=\"async\" src=\"https:\/\/www.judobund.de\/fileadmin\/_processed_\/4\/f\/csm_472-Respekt_67fe721378.jpg\" alt=\"\"\/><\/figure>\n<\/div>\n\n\n<p><strong>Respekt<\/strong><\/p>\n\n\n\n<p>Begegne\n deinem Lehrer\/deiner Lehrerin und den Trainings\u00e4lteren zuvorkommend. \nErkenne die Leistungen derjenigen an, die schon vor Deiner Zeit Judo \nbetrieben haben.<\/p>\n\n\n\n<hr class=\"wp-block-separator has-css-opacity\"\/>\n\n\n<div class=\"wp-block-image\">\n<figure class=\"alignright\"><img decoding=\"async\" src=\"https:\/\/www.judobund.de\/fileadmin\/_processed_\/b\/4\/csm_465-Bescheidenheit_40138eaed4.jpg\" alt=\"\"\/><\/figure>\n<\/div>\n\n\n<p><strong>Bescheidenheit<\/strong><\/p>\n\n\n\n<p>Spiele\n dich selbst nicht in den Vordergrund. Sprich \u00fcber deinen Erfolg nicht \nmit \u00dcbertreibung. Orientiere dich an den Besseren und nicht an denen, \nderen Leistungsstand du bereits erreicht hast.<\/p>\n\n\n\n<hr class=\"wp-block-separator has-css-opacity\"\/>\n\n\n<div class=\"wp-block-image\">\n<figure class=\"alignright\"><img decoding=\"async\" src=\"https:\/\/www.judobund.de\/fileadmin\/_processed_\/7\/d\/csm_474-Wertschaetzung_ffe6560354.jpg\" alt=\"\"\/><\/figure>\n<\/div>\n\n\n<p><strong>Wertsch\u00e4tzung<\/strong><\/p>\n\n\n\n<p>Erkenne die Leistung jedes Anderen an, wenn dieser sich nach seinen M\u00f6glichkeiten ernsthaft anstrengt.<\/p>\n\n\n\n<hr class=\"wp-block-separator has-css-opacity\"\/>\n\n\n<div class=\"wp-block-image\">\n<figure class=\"alignright\"><img decoding=\"async\" src=\"https:\/\/www.judobund.de\/fileadmin\/_processed_\/5\/b\/csm_471-Mut_9cb4152473.jpg\" alt=\"\"\/><\/figure>\n<\/div>\n\n\n<p><strong>Mut<\/strong><\/p>\n\n\n\n<p>Nimm\n im Randori und Wettkampf dein Herz in die Hand. Gib dich niemals auf, \nauch nicht bei einer drohenden Niederlage oder bei einem scheinbar \n\u00fcberm\u00e4chtigen Gegner.\n<\/p>\n\n\n\n<hr class=\"wp-block-separator has-css-opacity\"\/>\n\n\n<div class=\"wp-block-image\">\n<figure class=\"alignright\"><img decoding=\"async\" src=\"https:\/\/www.judobund.de\/fileadmin\/_processed_\/2\/d\/csm_473-Selbstbeherrschung_a7969c25bd.jpg\" alt=\"\"\/><\/figure>\n<\/div>\n\n\n<p><strong>Selbstbeherrschung<\/strong><\/p>\n\n\n\n<p>Achte\n auf P\u00fcnktlichkeit und Disziplin bei Training und Wettkampf. Verliere \nauf der Matte nie die Beherrschung, auch nicht bei Situationen, die du \nals unfair empfindest.<\/p>\n\n\n\n<hr class=\"wp-block-separator has-css-opacity\"\/>\n\n\n<div class=\"wp-block-image\">\n<figure class=\"alignright\"><img decoding=\"async\" src=\"https:\/\/www.judobund.de\/fileadmin\/_processed_\/a\/2\/csm_468-Freundschaft_284c2b12f7.jpg\" alt=\"\"\/><\/figure>\n<\/div>\n\n\n<p><strong>Freundschaft<\/strong><\/p>\n\n\n\n<p>Achte all diese Werte und alle Menschen. Dann wirst du beim Judo unweigerlich Freunde finden.<\/p>\n","protected":false},"excerpt":{"rendered":"<p>Trainingszeiten \/ Ursprung und Ziel des Judo \/ Werte des Judo Trainingszeiten Kinder ab 6 Jahre Dienstag 15:30 &#8211; 16:15 Uhr Kirchfeldhalle K. Gilbert (5. Dan) Kinder ab 7 Jahre Dienstag 16:15 &#8211; 17:30 Uhr Kirchfeldhalle F. Birk (2. Dan), K. Gilbert (5. Dan)<\/p>\n","protected":false},"author":2,"featured_media":0,"parent":24,"menu_order":0,"comment_status":"closed","ping_status":"closed","template":"","meta":{"footnotes":""},"class_list":["post-14","page","type-page","status-publish"],"_links":{"self":[{"href":"https:\/\/tvm1903.de\/tvm\/wp-json\/wp\/v2\/pages\/14","targetHints":{"allow":["GET"]}}],"collection":[{"href":"https:\/\/tvm1903.de\/tvm\/wp-json\/wp\/v2\/pages"}],"about":[{"href":"https:\/\/tvm1903.de\/tvm\/wp-json\/wp\/v2\/types\/page"}],"author":[{"embeddable":true,"href":"https:\/\/tvm1903.de\/tvm\/wp-json\/wp\/v2\/users\/2"}],"replies":[{"embeddable":true,"href":"https:\/\/tvm1903.de\/tvm\/wp-json\/wp\/v2\/comments?post=14"}],"version-history":[{"count":9,"href":"https:\/\/tvm1903.de\/tvm\/wp-json\/wp\/v2\/pages\/14\/revisions"}],"predecessor-version":[{"id":1075,"href":"https:\/\/tvm1903.de\/tvm\/wp-json\/wp\/v2\/pages\/14\/revisions\/1075"}],"up":[{"embeddable":true,"href":"https:\/\/tvm1903.de\/tvm\/wp-json\/wp\/v2\/pages\/24"}],"wp:attachment":[{"href":"https:\/\/tvm1903.de\/tvm\/wp-json\/wp\/v2\/media?parent=14"}],"curies":[{"name":"wp","href":"https:\/\/api.w.org\/{rel}","templated":true}]}}